{"id":149,"date":"2015-05-24T12:01:54","date_gmt":"2015-05-24T12:01:54","guid":{"rendered":"http:\/\/noquiz.se\/?page_id=149"},"modified":"2015-05-24T14:23:20","modified_gmt":"2015-05-24T14:23:20","slug":"meteorologi","status":"publish","type":"page","link":"https:\/\/noquiz.se\/?page_id=149","title":{"rendered":"Meteorologi"},"content":{"rendered":"<p><a href=\"http:\/\/www.classzone.com\/books\/earth_science\/terc\/content\/visualizations\/es1903\/es1903page01.cfm\" title=\"http:\/\/www.classzone.com\/books\/earth_science\/terc\/content\/visualizations\/es1903\/es1903page01.cfm\" target=\"_blank\">Land och sj\u00f6bris<\/a><\/p>\n<p><a href=\"http:\/\/www.goldridge08.com\/flash\/airmasses.swf\" title=\"http:\/\/www.goldridge08.com\/flash\/airmasses.swf\" target=\"_blank\">Kallfront och varmfront<\/a><\/p>\n<p><a href=\"http:\/\/www.mesoscale.iastate.edu\/agron206\/animations\/05_cnWfronts.html\" title=\"Varmfront och kallfront 2\" target=\"_blank\">Varmfront och kallfront 2<\/a><\/p>\n<p><a href=\"https:\/\/phet.colorado.edu\/en\/simulation\/greenhouse\" title=\"https:\/\/phet.colorado.edu\/en\/simulation\/greenhouse\" target=\"_blank\">V\u00e4xthuseffekten<\/a><\/p>\n<p><a href=\"http:\/\/www.sumanasinc.com\/webcontent\/animations\/content\/greenhouse.html\" title=\"http:\/\/www.sumanasinc.com\/webcontent\/animations\/content\/greenhouse.html\" target=\"_blank\">V\u00e4xthuseffekten 2<\/a><\/p>\n","protected":false},"excerpt":{"rendered":"<p>Land och sj\u00f6bris Kallfront och varmfront Varmfront och kallfront 2 V\u00e4xthuseffekten V\u00e4xthuseffekten 2<\/p>\n","protected":false},"author":1,"featured_media":0,"parent":0,"menu_order":0,"comment_status":"open","ping_status":"open","template":"","meta":[],"_links":{"self":[{"href":"https:\/\/noquiz.se\/index.php?rest_route=\/wp\/v2\/pages\/149"}],"collection":[{"href":"https:\/\/noquiz.se\/index.php?rest_route=\/wp\/v2\/pages"}],"about":[{"href":"https:\/\/noquiz.se\/index.php?rest_route=\/wp\/v2\/types\/page"}],"author":[{"embeddable":true,"href":"https:\/\/noquiz.se\/index.php?rest_route=\/wp\/v2\/users\/1"}],"replies":[{"embeddable":true,"href":"https:\/\/noquiz.se\/index.php?rest_route=%2Fwp%2Fv2%2Fcomments&post=149"}],"version-history":[{"count":9,"href":"https:\/\/noquiz.se\/index.php?rest_route=\/wp\/v2\/pages\/149\/revisions"}],"predecessor-version":[{"id":161,"href":"https:\/\/noquiz.se\/index.php?rest_route=\/wp\/v2\/pages\/149\/revisions\/161"}],"wp:attachment":[{"href":"https:\/\/noquiz.se\/index.php?rest_route=%2Fwp%2Fv2%2Fmedia&parent=149"}],"curies":[{"name":"wp","href":"https:\/\/api.w.org\/{rel}","templated":true}]}}