{"id":20,"date":"2014-03-07T15:28:45","date_gmt":"2014-03-07T15:28:45","guid":{"rendered":"http:\/\/noquiz.se\/?page_id=20"},"modified":"2019-01-31T07:34:09","modified_gmt":"2019-01-31T07:34:09","slug":"home","status":"publish","type":"page","link":"https:\/\/noquiz.se\/","title":{"rendered":"Hem"},"content":{"rendered":"<p>Klicka p\u00e5 menyn uppe till h\u00f6ger och v\u00e4lj \u00e4mne, quizza lugnt!<\/p>\n","protected":false},"excerpt":{"rendered":"<p>Klicka p\u00e5 menyn uppe till h\u00f6ger och v\u00e4lj \u00e4mne, quizza lugnt!<\/p>\n","protected":false},"author":1,"featured_media":0,"parent":0,"menu_order":0,"comment_status":"closed","ping_status":"open","template":"","meta":[],"_links":{"self":[{"href":"https:\/\/noquiz.se\/index.php?rest_route=\/wp\/v2\/pages\/20"}],"collection":[{"href":"https:\/\/noquiz.se\/index.php?rest_route=\/wp\/v2\/pages"}],"about":[{"href":"https:\/\/noquiz.se\/index.php?rest_route=\/wp\/v2\/types\/page"}],"author":[{"embeddable":true,"href":"https:\/\/noquiz.se\/index.php?rest_route=\/wp\/v2\/users\/1"}],"replies":[{"embeddable":true,"href":"https:\/\/noquiz.se\/index.php?rest_route=%2Fwp%2Fv2%2Fcomments&post=20"}],"version-history":[{"count":7,"href":"https:\/\/noquiz.se\/index.php?rest_route=\/wp\/v2\/pages\/20\/revisions"}],"predecessor-version":[{"id":323,"href":"https:\/\/noquiz.se\/index.php?rest_route=\/wp\/v2\/pages\/20\/revisions\/323"}],"wp:attachment":[{"href":"https:\/\/noquiz.se\/index.php?rest_route=%2Fwp%2Fv2%2Fmedia&parent=20"}],"curies":[{"name":"wp","href":"https:\/\/api.w.org\/{rel}","templated":true}]}}