{"id":220,"date":"2017-03-02T20:53:40","date_gmt":"2017-03-02T20:53:40","guid":{"rendered":"http:\/\/noquiz.se\/?page_id=220"},"modified":"2017-03-02T21:24:51","modified_gmt":"2017-03-02T21:24:51","slug":"bygg-molekyler","status":"publish","type":"page","link":"https:\/\/noquiz.se\/?page_id=220","title":{"rendered":"Bygg atomer"},"content":{"rendered":"<p><iframe loading=\"lazy\" src=\"https:\/\/phet.colorado.edu\/sims\/html\/build-an-atom\/latest\/build-an-atom_en.html\" width=\"800\" height=\"600\" scrolling=\"no\" allowfullscreen><\/iframe><\/p>\n<p>F\u00f6r att \u00f6ppna i st\u00f6rre f\u00f6nster, klicka p\u00e5 bilden nedan.<\/p>\n<div style=\"position: relative; width: 300px; height: 200px;\"><a href=\"https:\/\/phet.colorado.edu\/sims\/html\/build-an-atom\/latest\/build-an-atom_en.html\" style=\"text-decoration: none;\"><img loading=\"lazy\" src=\"https:\/\/phet.colorado.edu\/sims\/html\/build-an-atom\/latest\/build-an-atom-600.png\" alt=\"Build an Atom\" style=\"border: none;\" width=\"300\" height=\"200\"\/><\/p>\n<div style=\"position: absolute; width: 200px; height: 80px; left: 50px; top: 60px; background-color: #FFF; opacity: 0.6; filter: alpha(opacity = 60);\"><\/div>\n<table style=\"position: absolute; width: 200px; height: 80px; left: 50px; top: 60px;\">\n<tr>\n<td style=\"text-align: center; color: #000; font-size: 24px; font-family: Arial,sans-serif;\">Klicka h\u00e4r<\/td>\n<\/tr>\n<\/table>\n<p><\/a><\/div>\n","protected":false},"excerpt":{"rendered":"<p>F\u00f6r att \u00f6ppna i st\u00f6rre f\u00f6nster, klicka p\u00e5 bilden nedan. Klicka h\u00e4r<\/p>\n","protected":false},"author":1,"featured_media":0,"parent":0,"menu_order":0,"comment_status":"closed","ping_status":"closed","template":"","meta":[],"_links":{"self":[{"href":"https:\/\/noquiz.se\/index.php?rest_route=\/wp\/v2\/pages\/220"}],"collection":[{"href":"https:\/\/noquiz.se\/index.php?rest_route=\/wp\/v2\/pages"}],"about":[{"href":"https:\/\/noquiz.se\/index.php?rest_route=\/wp\/v2\/types\/page"}],"author":[{"embeddable":true,"href":"https:\/\/noquiz.se\/index.php?rest_route=\/wp\/v2\/users\/1"}],"replies":[{"embeddable":true,"href":"https:\/\/noquiz.se\/index.php?rest_route=%2Fwp%2Fv2%2Fcomments&post=220"}],"version-history":[{"count":6,"href":"https:\/\/noquiz.se\/index.php?rest_route=\/wp\/v2\/pages\/220\/revisions"}],"predecessor-version":[{"id":232,"href":"https:\/\/noquiz.se\/index.php?rest_route=\/wp\/v2\/pages\/220\/revisions\/232"}],"wp:attachment":[{"href":"https:\/\/noquiz.se\/index.php?rest_route=%2Fwp%2Fv2%2Fmedia&parent=220"}],"curies":[{"name":"wp","href":"https:\/\/api.w.org\/{rel}","templated":true}]}}