{"id":274,"date":"2018-01-17T08:34:14","date_gmt":"2018-01-17T08:34:14","guid":{"rendered":"http:\/\/noquiz.se\/?page_id=274"},"modified":"2018-01-17T08:34:14","modified_gmt":"2018-01-17T08:34:14","slug":"vaxthuseffekten","status":"publish","type":"page","link":"https:\/\/noquiz.se\/?page_id=274","title":{"rendered":"V\u00e4xthuseffekten"},"content":{"rendered":"<p>F\u00f6r att kunna anv\u00e4nda simulationen nedan beh\u00f6ver du flash installerat p\u00e5 din dator.<\/p>\n<div style=\"position: relative; width: 300px; height: 197px;\"><a style=\"text-decoration: none;\" href=\"https:\/\/phet.colorado.edu\/sims\/greenhouse\/greenhouse_en.jnlp\"><img loading=\"lazy\" class=\"\" style=\"border: none;\" src=\"https:\/\/phet.colorado.edu\/sims\/greenhouse\/greenhouse-600.png\" alt=\"The Greenhouse Effect\" width=\"423\" height=\"278\" \/><\/a><\/p>\n<div style=\"position: absolute; width: 200px; height: 80px; left: 50px; top: 58px; background-color: #fff; opacity: 0.6; filter: alpha(opacity = 60);\"><\/div>\n<table style=\"position: absolute; width: 200px; height: 80px; left: 50px; top: 58px;\">\n<tbody>\n<tr>\n<td style=\"text-align: center; color: #000; font-size: 24px; font-family: Arial,sans-serif;\">Klicka f\u00f6r att starta<\/td>\n<\/tr>\n<\/tbody>\n<\/table>\n<\/div>\n","protected":false},"excerpt":{"rendered":"<p>F\u00f6r att kunna anv\u00e4nda simulationen nedan beh\u00f6ver du flash installerat p\u00e5 din dator. Klicka f\u00f6r att starta<\/p>\n","protected":false},"author":1,"featured_media":0,"parent":0,"menu_order":0,"comment_status":"closed","ping_status":"closed","template":"","meta":[],"_links":{"self":[{"href":"https:\/\/noquiz.se\/index.php?rest_route=\/wp\/v2\/pages\/274"}],"collection":[{"href":"https:\/\/noquiz.se\/index.php?rest_route=\/wp\/v2\/pages"}],"about":[{"href":"https:\/\/noquiz.se\/index.php?rest_route=\/wp\/v2\/types\/page"}],"author":[{"embeddable":true,"href":"https:\/\/noquiz.se\/index.php?rest_route=\/wp\/v2\/users\/1"}],"replies":[{"embeddable":true,"href":"https:\/\/noquiz.se\/index.php?rest_route=%2Fwp%2Fv2%2Fcomments&post=274"}],"version-history":[{"count":1,"href":"https:\/\/noquiz.se\/index.php?rest_route=\/wp\/v2\/pages\/274\/revisions"}],"predecessor-version":[{"id":275,"href":"https:\/\/noquiz.se\/index.php?rest_route=\/wp\/v2\/pages\/274\/revisions\/275"}],"wp:attachment":[{"href":"https:\/\/noquiz.se\/index.php?rest_route=%2Fwp%2Fv2%2Fmedia&parent=274"}],"curies":[{"name":"wp","href":"https:\/\/api.w.org\/{rel}","templated":true}]}}