{"id":28,"date":"2014-03-07T15:49:06","date_gmt":"2014-03-07T15:49:06","guid":{"rendered":"http:\/\/noquiz.se\/?page_id=28"},"modified":"2024-04-10T08:09:12","modified_gmt":"2024-04-10T08:09:12","slug":"tryck-och-kraft","status":"publish","type":"page","link":"https:\/\/noquiz.se\/?page_id=28","title":{"rendered":"Tryck och kraft"},"content":{"rendered":"        <div class=\"wpProQuiz_content\" id=\"wpProQuiz_5\">\n            <h2>Tryck och Kraft <\/h2>        <div style=\"display: none;\" class=\"wpProQuiz_time_limit\">\n            <div class=\"time\">Tid: <span>0<\/span><\/div>\n            <div class=\"wpProQuiz_progress\"><\/div>\n        <\/div>\n                <div class=\"wpProQuiz_checkPage\" style=\"display: none;\">\n            <h4 class=\"wpProQuiz_header\">Quiz-summary<\/h4>\n\n            <p>\n                <span>0<\/span> of 13 questions completed            <\/p>\n\n            <p>Fr\u00e5gor:<\/p>\n\n            <div style=\"margin-bottom: 20px;\" class=\"wpProQuiz_box\">\n                <ol>\n                                            <li>1<\/li>\n                                            <li>2<\/li>\n                                            <li>3<\/li>\n                                            <li>4<\/li>\n                                            <li>5<\/li>\n                                            <li>6<\/li>\n                                            <li>7<\/li>\n                                            <li>8<\/li>\n                                            <li>9<\/li>\n                                            <li>10<\/li>\n                                            <li>11<\/li>\n                                            <li>12<\/li>\n                                            <li>13<\/li>\n                                    <\/ol>\n                <div style=\"clear: both;\"><\/div>\n            <\/div>\n\n            \n            <input type=\"button\" name=\"endQuizSummary\" value=\"Avsluta quiz\"\n                   class=\"wpProQuiz_button\">\n        <\/div>\n                <div class=\"wpProQuiz_infopage\" style=\"display: none;\">\n            <h4>Information<\/h4>\n\n            \n            <input type=\"button\" name=\"endInfopage\" value=\"Avsluta quiz\"\n                   class=\"wpProQuiz_button\">\n        <\/div>\n                <div class=\"wpProQuiz_text\">\n            <p>\n                <p>Du kan tr\u00e4na grundl\u00e4ggande begrepp till omr\u00e5det Tryck och Kraft.<\/p>\n<p>Det finns ca 25 fr\u00e5gor totalt och h\u00e4lften av dem kommer varje g\u00e5ng du k\u00f6r Quizet.<\/p>\n            <\/p>\n\n            \n            <div>\n                <input class=\"wpProQuiz_button\" type=\"button\" value=\"Starta quiz\"\n                       name=\"startQuiz\">\n            <\/div>\n        <\/div>\n                <div style=\"display: none;\" class=\"wpProQuiz_lock\">\n            <p>\n                Du har redan f\u00e4rdigst\u00e4llt detta quiz, d\u00e4rf\u00f6r f\u00e5r du inte starta det igen.            <\/p>\n        <\/div>\n                <div style=\"display: none;\" class=\"wpProQuiz_loadQuiz\">\n            <p>\n                Quiz is loading...            <\/p>\n        <\/div>\n                <div style=\"display: none;\" class=\"wpProQuiz_startOnlyRegisteredUser\">\n            <p>\n                You must sign in or sign up to start the quiz.            <\/p>\n        <\/div>\n                <div style=\"display: none;\" class=\"wpProQuiz_prerequisite\">\n            <p>\n                You have to finish following quiz, to start this quiz:                <span><\/span>\n            <\/p>\n        <\/div>\n                <div style=\"display: none;\" class=\"wpProQuiz_results\">\n            <h4 class=\"wpProQuiz_header\">Resultat<\/h4>\n                            <p>\n                    <span class=\"wpProQuiz_correct_answer\">0<\/span> av <span>13<\/span> \u00e4r fr\u00e5gor korrekt svarade                <\/p>\n                            <p class=\"wpProQuiz_quiz_time\">\n                    Din tid: <span><\/span>                <\/p>\n                        <p class=\"wpProQuiz_time_limit_expired\" style=\"display: none;\">\n                Tid har g\u00e5tt ut!            <\/p>\n                            <p class=\"wpProQuiz_points\">\n                    Du fick <span>0<\/span> av <span>0<\/span> m\u00f6jliga po\u00e4ng, (<span>0<\/span>)                <\/p>\n                                    <div class=\"wpProQuiz_catOverview\" style=\"display:none;\">\n                <h4>Categories<\/h4>\n\n                <div style=\"margin-top: 10px;\">\n                    <ol>\n                                                    <li data-category_id=\"0\">\n                                <span class=\"wpProQuiz_catName\">Not categorized<\/span>\n                                <span class=\"wpProQuiz_catPercent\">0%<\/span>\n                            <\/li>\n                                            <\/ol>\n                <\/div>\n            <\/div>\n            <div>\n                <ul class=\"wpProQuiz_resultsList\">\n                                            <li style=\"display: none;\">\n                            <div>\n                                <p>Gick det bra?<\/p>\n<p>Du kan k\u00f6ra Quizet en g\u00e5ng till, n\u00e4sta g\u00e5ng slumpas fram lika m\u00e5nga fr\u00e5gor. Det kan bli n\u00e5gra som \u00e4r samma eftersom de slumpas fram.<\/p>\n<p>Lycka till<\/p>\n                            <\/div>\n                        <\/li>\n                                    <\/ul>\n            <\/div>\n                        <div style=\"margin: 10px 0px;\">\n                                    <input class=\"wpProQuiz_button\" type=\"button\" name=\"restartQuiz\"\n                           value=\"Starta om quiz\">\n                                    <input class=\"wpProQuiz_button\" type=\"button\" name=\"reShowQuestion\"\n                           value=\"Visa svar\">\n                                            <\/div>\n        <\/div>\n                <div class=\"wpProQuiz_reviewDiv\" style=\"display: none;\">\n            <div class=\"wpProQuiz_reviewQuestion\">\n                <ol>\n                                            <li>1<\/li>\n                                            <li>2<\/li>\n                                            <li>3<\/li>\n                                            <li>4<\/li>\n                                            <li>5<\/li>\n                                            <li>6<\/li>\n                                            <li>7<\/li>\n                                            <li>8<\/li>\n                                            <li>9<\/li>\n                                            <li>10<\/li>\n                                            <li>11<\/li>\n                                            <li>12<\/li>\n                                            <li>13<\/li>\n                                    <\/ol>\n                <div style=\"display: none;\"><\/div>\n            <\/div>\n            <div class=\"wpProQuiz_reviewLegend\">\n                <ol>\n                    <li>\n                        <span class=\"wpProQuiz_reviewColor\" style=\"background-color: #6CA54C;\"><\/span>\n                        <span class=\"wpProQuiz_reviewText\">Answered<\/span>\n                    <\/li>\n                    <li>\n                        <span class=\"wpProQuiz_reviewColor\" style=\"background-color: #FFB800;\"><\/span>\n                        <span class=\"wpProQuiz_reviewText\">Review<\/span>\n                    <\/li>\n                <\/ol>\n                <div style=\"clear: both;\"><\/div>\n            <\/div>\n            <div>\n                                    <input type=\"button\" name=\"review\" value=\"Review question\"\n                           class=\"wpProQuiz_button2\" style=\"float: left; display: block;\">\n                                            <input type=\"button\" name=\"quizSummary\"\n                               value=\"Quiz-summary\" class=\"wpProQuiz_button2\"\n                               style=\"float: right;\">\n                                        <div style=\"clear: both;\"><\/div>\n                            <\/div>\n        <\/div>\n                <div class=\"wpProQuiz_quizAnker\" style=\"display: none;\"><\/div>\n                <\/div>\n                <script type=\"text\/javascript\">\n            jQuery(document).ready(function ($) {\n                $('#wpProQuiz_5').wpProQuizFront({\n                    quizId: 5,\n                    mode: 2,\n                    timelimit: 0,\n                    resultsGrade: [0],\n                    bo: 16387,\n                    qpp: 0,\n                    formPos: 0,\n                    lbn: \"Avsluta quiz\"                });\n            });\n        <\/script>\n        \n\n\n<p>Om du vill lyssna p\u00e5 en genomg\u00e5ng innan du g\u00f6r Quizet s\u00e5 kommer h\u00e4r n\u00e5gra f\u00f6rslag: <\/p>\n\n\n\n<figure class=\"wp-block-embed is-type-video is-provider-youtube wp-block-embed-youtube wp-embed-aspect-16-9 wp-has-aspect-ratio\"><div class=\"wp-block-embed__wrapper\">\n<iframe loading=\"lazy\" title=\"Kraft och tryck\" width=\"960\" height=\"540\" src=\"https:\/\/www.youtube.com\/embed\/videoseries?list=PLmwZRQqL38s0Yzya4StfFad-rFQzvrUJL\" frameborder=\"0\" allow=\"accelerometer; autoplay; clipboard-write; encrypted-media; gyroscope; picture-in-picture; web-share\" referrerpolicy=\"strict-origin-when-cross-origin\" allowfullscreen><\/iframe>\n<\/div><\/figure>\n","protected":false},"excerpt":{"rendered":"<p>Om du vill lyssna p\u00e5 en genomg\u00e5ng innan du g\u00f6r Quizet s\u00e5 kommer h\u00e4r n\u00e5gra f\u00f6rslag:<\/p>\n","protected":false},"author":1,"featured_media":0,"parent":0,"menu_order":5,"comment_status":"open","ping_status":"open","template":"","meta":[],"_links":{"self":[{"href":"https:\/\/noquiz.se\/index.php?rest_route=\/wp\/v2\/pages\/28"}],"collection":[{"href":"https:\/\/noquiz.se\/index.php?rest_route=\/wp\/v2\/pages"}],"about":[{"href":"https:\/\/noquiz.se\/index.php?rest_route=\/wp\/v2\/types\/page"}],"author":[{"embeddable":true,"href":"https:\/\/noquiz.se\/index.php?rest_route=\/wp\/v2\/users\/1"}],"replies":[{"embeddable":true,"href":"https:\/\/noquiz.se\/index.php?rest_route=%2Fwp%2Fv2%2Fcomments&post=28"}],"version-history":[{"count":3,"href":"https:\/\/noquiz.se\/index.php?rest_route=\/wp\/v2\/pages\/28\/revisions"}],"predecessor-version":[{"id":341,"href":"https:\/\/noquiz.se\/index.php?rest_route=\/wp\/v2\/pages\/28\/revisions\/341"}],"wp:attachment":[{"href":"https:\/\/noquiz.se\/index.php?rest_route=%2Fwp%2Fv2%2Fmedia&parent=28"}],"curies":[{"name":"wp","href":"https:\/\/api.w.org\/{rel}","templated":true}]}}